{"id":9890,"date":"2024-10-01T10:06:00","date_gmt":"2024-10-01T08:06:00","guid":{"rendered":"https:\/\/new.koszulki.shop.pl\/?post_type=product&#038;p=9890"},"modified":"2024-10-21T14:34:26","modified_gmt":"2024-10-21T12:34:26","slug":"koszulka-gruba-ryba-2","status":"publish","type":"product","link":"https:\/\/new.koszulki.shop.pl\/?product=koszulka-gruba-ryba-2","title":{"rendered":"Koszulka &#8211; Gruba ryba"},"content":{"rendered":"\t\t<div data-elementor-type=\"wp-post\" data-elementor-id=\"9890\" class=\"elementor elementor-9890\" data-elementor-post-type=\"product\">\n\t\t\t\t<div class=\"wd-negative-gap elementor-element elementor-element-6c38926 e-flex e-con-boxed e-con e-parent\" data-id=\"6c38926\" data-element_type=\"container\">\n\t\t\t\t\t<div class=\"e-con-inner\">\n\t\t\t\t<div class=\"elementor-element elementor-element-c994236 color-scheme-inherit text-left elementor-widget elementor-widget-text-editor\" data-id=\"c994236\" data-element_type=\"widget\" data-widget_type=\"text-editor.default\">\n\t\t\t\t<div class=\"elementor-widget-container\">\n\t\t\t\t\t\t\t\t\t<p>Nasze koszulki to wi\u0119cej ni\u017c tylko element odzie\u017cy \u2013 to wyraz stylu i osobowo\u015bci. Wykonane z najwy\u017cszej jako\u015bci materia\u0142\u00f3w, zapewniaj\u0105 nie tylko wygod\u0119, ale tak\u017ce trwa\u0142o\u015b\u0107, nawet po wielu praniach. Dzi\u0119ki starannie dopracowanym nadrukom i unikalnym projektom, ka\u017cda koszulka staje si\u0119 wyj\u0105tkowa i mo\u017ce sta\u0107 si\u0119 doskona\u0142ym dodatkiem do Twojej codziennej stylizacji.<\/p><p>Koszulki z nadrukiem doskonale sprawdzaj\u0105 si\u0119 jako prezent, ubi\u00f3r na r\u00f3\u017cne okazje, a tak\u017ce jako spos\u00f3b na wyra\u017cenie siebie. Oferujemy szeroki wyb\u00f3r wzor\u00f3w, od klasycznych i minimalistycznych, po odwa\u017cniejsze projekty, dzi\u0119ki czemu ka\u017cdy znajdzie co\u015b dla siebie. Koszulki s\u0105 dost\u0119pne w r\u00f3\u017cnych rozmiarach i kolorach, co sprawia, \u017ce mo\u017cna je idealnie dopasowa\u0107 do indywidualnych potrzeb. Niezale\u017cnie od tego, czy preferujesz casualowy styl na co dzie\u0144, czy chcesz wyr\u00f3\u017cni\u0107 si\u0119 na wyj\u0105tkowych wydarzeniach, nasza kolekcja koszulek sprosta Twoim oczekiwaniom.<\/p>\t\t\t\t\t\t\t\t<\/div>\n\t\t\t\t<\/div>\n\t\t\t\t\t<\/div>\n\t\t\t\t<\/div>\n\t\t\t\t<\/div>\n\t\t","protected":false},"excerpt":{"rendered":"<p>Prosta koszulka z napisem &#8222;Gruba Ryba&#8221; \u2013 idealna dla tych, kt\u00f3rzy chc\u0105 wyrazi\u0107 swoj\u0105 pasj\u0119 do \u0142owienia najwi\u0119kszych okaz\u00f3w. Minimalistyczny design z wyrazistym has\u0142em doskonale sprawdzi si\u0119 jako cz\u0119\u015b\u0107 codziennego stroju dla ka\u017cdego w\u0119dkarza.<\/p>\n","protected":false},"featured_media":9812,"comment_status":"open","ping_status":"closed","template":"","meta":[],"product_brand":[],"product_cat":[71],"product_tag":[],"class_list":{"0":"post-9890","1":"product","2":"type-product","3":"status-publish","4":"has-post-thumbnail","6":"product_cat-wedkarskie","8":"first","9":"instock","10":"shipping-taxable","11":"purchasable","12":"product-type-simple"},"yoast_head":"<!-- This site is optimized with the Yoast SEO plugin v26.0 - https:\/\/yoast.com\/wordpress\/plugins\/seo\/ -->\n<title>Koszulka - Gruba ryba - Koszulki z nadrukiem<\/title>\n<meta name=\"robots\" content=\"noindex, follow, max-snippet:-1, max-image-preview:large, max-video-preview:-1\" \/>\n<meta property=\"og:locale\" content=\"pl_PL\" \/>\n<meta property=\"og:type\" content=\"article\" \/>\n<meta property=\"og:title\" content=\"Koszulka - Gruba ryba - Koszulki z nadrukiem\" \/>\n<meta property=\"og:description\" content=\"Prosta koszulka z napisem &quot;Gruba Ryba&quot; \u2013 idealna dla tych, kt\u00f3rzy chc\u0105 wyrazi\u0107 swoj\u0105 pasj\u0119 do \u0142owienia najwi\u0119kszych okaz\u00f3w. Minimalistyczny design z wyrazistym has\u0142em doskonale sprawdzi si\u0119 jako cz\u0119\u015b\u0107 codziennego stroju dla ka\u017cdego w\u0119dkarza.\" \/>\n<meta property=\"og:url\" content=\"https:\/\/new.koszulki.shop.pl\/?product=koszulka-gruba-ryba-2\" \/>\n<meta property=\"og:site_name\" content=\"Koszulki z nadrukiem\" \/>\n<meta property=\"article:modified_time\" content=\"2024-10-21T12:34:26+00:00\" \/>\n<meta property=\"og:image\" content=\"https:\/\/new.koszulki.shop.pl\/wp-content\/uploads\/2024\/09\/wedkarska-82.webp\" \/>\n\t<meta property=\"og:image:width\" content=\"769\" \/>\n\t<meta property=\"og:image:height\" content=\"1058\" \/>\n\t<meta property=\"og:image:type\" content=\"image\/webp\" \/>\n<meta name=\"twitter:card\" content=\"summary_large_image\" \/>\n<meta name=\"twitter:label1\" content=\"Szacowany czas czytania\" \/>\n\t<meta name=\"twitter:data1\" content=\"1 minuta\" \/>\n<script type=\"application\/ld+json\" class=\"yoast-schema-graph\">{\"@context\":\"https:\/\/schema.org\",\"@graph\":[{\"@type\":\"WebPage\",\"@id\":\"https:\/\/new.koszulki.shop.pl\/?product=koszulka-gruba-ryba-2\",\"url\":\"https:\/\/new.koszulki.shop.pl\/?product=koszulka-gruba-ryba-2\",\"name\":\"Koszulka - Gruba ryba - Koszulki z nadrukiem\",\"isPartOf\":{\"@id\":\"https:\/\/new.koszulki.shop.pl\/#website\"},\"primaryImageOfPage\":{\"@id\":\"https:\/\/new.koszulki.shop.pl\/?product=koszulka-gruba-ryba-2#primaryimage\"},\"image\":{\"@id\":\"https:\/\/new.koszulki.shop.pl\/?product=koszulka-gruba-ryba-2#primaryimage\"},\"thumbnailUrl\":\"https:\/\/new.koszulki.shop.pl\/wp-content\/uploads\/2024\/09\/wedkarska-82.webp\",\"datePublished\":\"2024-10-01T08:06:00+00:00\",\"dateModified\":\"2024-10-21T12:34:26+00:00\",\"breadcrumb\":{\"@id\":\"https:\/\/new.koszulki.shop.pl\/?product=koszulka-gruba-ryba-2#breadcrumb\"},\"inLanguage\":\"pl-PL\",\"potentialAction\":[{\"@type\":\"ReadAction\",\"target\":[\"https:\/\/new.koszulki.shop.pl\/?product=koszulka-gruba-ryba-2\"]}]},{\"@type\":\"ImageObject\",\"inLanguage\":\"pl-PL\",\"@id\":\"https:\/\/new.koszulki.shop.pl\/?product=koszulka-gruba-ryba-2#primaryimage\",\"url\":\"https:\/\/new.koszulki.shop.pl\/wp-content\/uploads\/2024\/09\/wedkarska-82.webp\",\"contentUrl\":\"https:\/\/new.koszulki.shop.pl\/wp-content\/uploads\/2024\/09\/wedkarska-82.webp\",\"width\":769,\"height\":1058},{\"@type\":\"BreadcrumbList\",\"@id\":\"https:\/\/new.koszulki.shop.pl\/?product=koszulka-gruba-ryba-2#breadcrumb\",\"itemListElement\":[{\"@type\":\"ListItem\",\"position\":1,\"name\":\"Strona g\u0142\u00f3wna\",\"item\":\"https:\/\/new.koszulki.shop.pl\/\"},{\"@type\":\"ListItem\",\"position\":2,\"name\":\"Shop\",\"item\":\"https:\/\/new.koszulki.shop.pl\/?page_id=47\"},{\"@type\":\"ListItem\",\"position\":3,\"name\":\"Koszulka &#8211; Gruba ryba\"}]},{\"@type\":\"WebSite\",\"@id\":\"https:\/\/new.koszulki.shop.pl\/#website\",\"url\":\"https:\/\/new.koszulki.shop.pl\/\",\"name\":\"Koszulki z nadrukiem\",\"description\":\"\",\"publisher\":{\"@id\":\"https:\/\/new.koszulki.shop.pl\/#organization\"},\"potentialAction\":[{\"@type\":\"SearchAction\",\"target\":{\"@type\":\"EntryPoint\",\"urlTemplate\":\"https:\/\/new.koszulki.shop.pl\/?s={search_term_string}\"},\"query-input\":{\"@type\":\"PropertyValueSpecification\",\"valueRequired\":true,\"valueName\":\"search_term_string\"}}],\"inLanguage\":\"pl-PL\"},{\"@type\":\"Organization\",\"@id\":\"https:\/\/new.koszulki.shop.pl\/#organization\",\"name\":\"Koszulki z nadrukiem\",\"url\":\"https:\/\/new.koszulki.shop.pl\/\",\"logo\":{\"@type\":\"ImageObject\",\"inLanguage\":\"pl-PL\",\"@id\":\"https:\/\/new.koszulki.shop.pl\/#\/schema\/logo\/image\/\",\"url\":\"http:\/\/new.koszulki.shop.pl\/wp-content\/uploads\/2024\/09\/logotyp-koszulki.webp\",\"contentUrl\":\"http:\/\/new.koszulki.shop.pl\/wp-content\/uploads\/2024\/09\/logotyp-koszulki.webp\",\"width\":610,\"height\":475,\"caption\":\"Koszulki z nadrukiem\"},\"image\":{\"@id\":\"https:\/\/new.koszulki.shop.pl\/#\/schema\/logo\/image\/\"}}]}<\/script>\n<!-- \/ Yoast SEO plugin. -->","yoast_head_json":{"title":"Koszulka - Gruba ryba - Koszulki z nadrukiem","robots":{"index":"noindex","follow":"follow","max-snippet":"max-snippet:-1","max-image-preview":"max-image-preview:large","max-video-preview":"max-video-preview:-1"},"og_locale":"pl_PL","og_type":"article","og_title":"Koszulka - Gruba ryba - Koszulki z nadrukiem","og_description":"Prosta koszulka z napisem \"Gruba Ryba\" \u2013 idealna dla tych, kt\u00f3rzy chc\u0105 wyrazi\u0107 swoj\u0105 pasj\u0119 do \u0142owienia najwi\u0119kszych okaz\u00f3w. Minimalistyczny design z wyrazistym has\u0142em doskonale sprawdzi si\u0119 jako cz\u0119\u015b\u0107 codziennego stroju dla ka\u017cdego w\u0119dkarza.","og_url":"https:\/\/new.koszulki.shop.pl\/?product=koszulka-gruba-ryba-2","og_site_name":"Koszulki z nadrukiem","article_modified_time":"2024-10-21T12:34:26+00:00","og_image":[{"width":769,"height":1058,"url":"https:\/\/new.koszulki.shop.pl\/wp-content\/uploads\/2024\/09\/wedkarska-82.webp","type":"image\/webp"}],"twitter_card":"summary_large_image","twitter_misc":{"Szacowany czas czytania":"1 minuta"},"schema":{"@context":"https:\/\/schema.org","@graph":[{"@type":"WebPage","@id":"https:\/\/new.koszulki.shop.pl\/?product=koszulka-gruba-ryba-2","url":"https:\/\/new.koszulki.shop.pl\/?product=koszulka-gruba-ryba-2","name":"Koszulka - Gruba ryba - Koszulki z nadrukiem","isPartOf":{"@id":"https:\/\/new.koszulki.shop.pl\/#website"},"primaryImageOfPage":{"@id":"https:\/\/new.koszulki.shop.pl\/?product=koszulka-gruba-ryba-2#primaryimage"},"image":{"@id":"https:\/\/new.koszulki.shop.pl\/?product=koszulka-gruba-ryba-2#primaryimage"},"thumbnailUrl":"https:\/\/new.koszulki.shop.pl\/wp-content\/uploads\/2024\/09\/wedkarska-82.webp","datePublished":"2024-10-01T08:06:00+00:00","dateModified":"2024-10-21T12:34:26+00:00","breadcrumb":{"@id":"https:\/\/new.koszulki.shop.pl\/?product=koszulka-gruba-ryba-2#breadcrumb"},"inLanguage":"pl-PL","potentialAction":[{"@type":"ReadAction","target":["https:\/\/new.koszulki.shop.pl\/?product=koszulka-gruba-ryba-2"]}]},{"@type":"ImageObject","inLanguage":"pl-PL","@id":"https:\/\/new.koszulki.shop.pl\/?product=koszulka-gruba-ryba-2#primaryimage","url":"https:\/\/new.koszulki.shop.pl\/wp-content\/uploads\/2024\/09\/wedkarska-82.webp","contentUrl":"https:\/\/new.koszulki.shop.pl\/wp-content\/uploads\/2024\/09\/wedkarska-82.webp","width":769,"height":1058},{"@type":"BreadcrumbList","@id":"https:\/\/new.koszulki.shop.pl\/?product=koszulka-gruba-ryba-2#breadcrumb","itemListElement":[{"@type":"ListItem","position":1,"name":"Strona g\u0142\u00f3wna","item":"https:\/\/new.koszulki.shop.pl\/"},{"@type":"ListItem","position":2,"name":"Shop","item":"https:\/\/new.koszulki.shop.pl\/?page_id=47"},{"@type":"ListItem","position":3,"name":"Koszulka &#8211; Gruba ryba"}]},{"@type":"WebSite","@id":"https:\/\/new.koszulki.shop.pl\/#website","url":"https:\/\/new.koszulki.shop.pl\/","name":"Koszulki z nadrukiem","description":"","publisher":{"@id":"https:\/\/new.koszulki.shop.pl\/#organization"},"potentialAction":[{"@type":"SearchAction","target":{"@type":"EntryPoint","urlTemplate":"https:\/\/new.koszulki.shop.pl\/?s={search_term_string}"},"query-input":{"@type":"PropertyValueSpecification","valueRequired":true,"valueName":"search_term_string"}}],"inLanguage":"pl-PL"},{"@type":"Organization","@id":"https:\/\/new.koszulki.shop.pl\/#organization","name":"Koszulki z nadrukiem","url":"https:\/\/new.koszulki.shop.pl\/","logo":{"@type":"ImageObject","inLanguage":"pl-PL","@id":"https:\/\/new.koszulki.shop.pl\/#\/schema\/logo\/image\/","url":"http:\/\/new.koszulki.shop.pl\/wp-content\/uploads\/2024\/09\/logotyp-koszulki.webp","contentUrl":"http:\/\/new.koszulki.shop.pl\/wp-content\/uploads\/2024\/09\/logotyp-koszulki.webp","width":610,"height":475,"caption":"Koszulki z nadrukiem"},"image":{"@id":"https:\/\/new.koszulki.shop.pl\/#\/schema\/logo\/image\/"}}]}},"_links":{"self":[{"href":"https:\/\/new.koszulki.shop.pl\/index.php?rest_route=\/wp\/v2\/product\/9890","targetHints":{"allow":["GET"]}}],"collection":[{"href":"https:\/\/new.koszulki.shop.pl\/index.php?rest_route=\/wp\/v2\/product"}],"about":[{"href":"https:\/\/new.koszulki.shop.pl\/index.php?rest_route=\/wp\/v2\/types\/product"}],"replies":[{"embeddable":true,"href":"https:\/\/new.koszulki.shop.pl\/index.php?rest_route=%2Fwp%2Fv2%2Fcomments&post=9890"}],"version-history":[{"count":1,"href":"https:\/\/new.koszulki.shop.pl\/index.php?rest_route=\/wp\/v2\/product\/9890\/revisions"}],"predecessor-version":[{"id":9891,"href":"https:\/\/new.koszulki.shop.pl\/index.php?rest_route=\/wp\/v2\/product\/9890\/revisions\/9891"}],"wp:featuredmedia":[{"embeddable":true,"href":"https:\/\/new.koszulki.shop.pl\/index.php?rest_route=\/wp\/v2\/media\/9812"}],"wp:attachment":[{"href":"https:\/\/new.koszulki.shop.pl\/index.php?rest_route=%2Fwp%2Fv2%2Fmedia&parent=9890"}],"wp:term":[{"taxonomy":"product_brand","embeddable":true,"href":"https:\/\/new.koszulki.shop.pl\/index.php?rest_route=%2Fwp%2Fv2%2Fproduct_brand&post=9890"},{"taxonomy":"product_cat","embeddable":true,"href":"https:\/\/new.koszulki.shop.pl\/index.php?rest_route=%2Fwp%2Fv2%2Fproduct_cat&post=9890"},{"taxonomy":"product_tag","embeddable":true,"href":"https:\/\/new.koszulki.shop.pl\/index.php?rest_route=%2Fwp%2Fv2%2Fproduct_tag&post=9890"}],"curies":[{"name":"wp","href":"https:\/\/api.w.org\/{rel}","templated":true}]}}