{"id":12,"date":"2024-07-30T11:29:53","date_gmt":"2024-07-30T09:29:53","guid":{"rendered":"https:\/\/new.koszulki.shop.pl\/moje-konto\/"},"modified":"2024-07-30T11:29:53","modified_gmt":"2024-07-30T09:29:53","slug":"moje-konto","status":"publish","type":"page","link":"https:\/\/new.koszulki.shop.pl\/?page_id=12","title":{"rendered":"Moje konto"},"content":{"rendered":"<div class=\"woocommerce\"><div class=\"woocommerce-notices-wrapper\"><\/div>\n<div class=\"wd-registration-page wd-register-tabs\">\n\n\n<div class=\"wd-grid-f-col\" id=\"customer_login\">\n\n\t<div class=\"wd-col col-login\">\n\n\n\t\t<h2 class=\"wd-login-title\">Logowanie<\/h2>\n\n\t\t\t\t\t<form id=\"customer_login\" method=\"post\" class=\"login woocommerce-form woocommerce-form-login\n\t\t\t\t\t\t\" action=\"https:\/\/new.koszulki.shop.pl\/?page_id=12&#038;action=login\" \t\t\t>\n\n\t\t\t\t\n\t\t\t\t\n\t\t\t\t<p class=\"woocommerce-FormRow woocommerce-FormRow--wide form-row form-row-wide form-row-username\">\n\t\t\t\t\t<label for=\"username\">Nazwa u\u017cytkownika lub adres e-mail&nbsp;<span class=\"required\" aria-hidden=\"true\">*<\/span><span class=\"screen-reader-text\">Wymagane<\/span><\/label>\n\t\t\t\t\t<input type=\"text\" class=\"woocommerce-Input woocommerce-Input--text input-text\" name=\"username\" id=\"username\" autocomplete=\"username\" value=\"\" \/>\t\t\t\t<\/p>\n\t\t\t\t<p class=\"woocommerce-FormRow woocommerce-FormRow--wide form-row form-row-wide form-row-password\">\n\t\t\t\t\t<label for=\"password\">Has\u0142o&nbsp;<span class=\"required\" aria-hidden=\"true\">*<\/span><span class=\"screen-reader-text\">Wymagane<\/span><\/label>\n\t\t\t\t\t<input class=\"woocommerce-Input woocommerce-Input--text input-text\" type=\"password\" name=\"password\" id=\"password\" autocomplete=\"current-password\" \/>\n\t\t\t\t<\/p>\n\n\t\t\t\t\n\t\t\t\t<p class=\"form-row\">\n\t\t\t\t\t<input type=\"hidden\" id=\"woocommerce-login-nonce\" name=\"woocommerce-login-nonce\" value=\"96cd5e3055\" \/><input type=\"hidden\" name=\"_wp_http_referer\" value=\"\/index.php?rest_route=%2Fwp%2Fv2%2Fpages%2F12\" \/>\t\t\t\t\t\t\t\t\t\t<button type=\"submit\" class=\"button woocommerce-button woocommerce-form-login__submit\" name=\"login\" value=\"Zaloguj si\u0119\">Zaloguj si\u0119<\/button>\n\t\t\t\t<\/p>\n\n\t\t\t\t<p class=\"login-form-footer\">\n\t\t\t\t\t<a href=\"https:\/\/new.koszulki.shop.pl\/?page_id=12&#038;lost-password\" class=\"woocommerce-LostPassword lost_password\">Zapomniane has\u0142o?<\/a>\n\t\t\t\t\t<label class=\"woocommerce-form__label woocommerce-form__label-for-checkbox woocommerce-form-login__rememberme\">\n\t\t\t\t\t\t<input class=\"woocommerce-form__input woocommerce-form__input-checkbox\" name=\"rememberme\" type=\"checkbox\" value=\"forever\" title=\"Zapami\u0119taj\" aria-label=\"Zapami\u0119taj\" \/> <span>Zapami\u0119taj<\/span>\n\t\t\t\t\t<\/label>\n\t\t\t\t<\/p>\n\n\t\t\t\t\n\t\t\t\t\t\t\t<\/form>\n\n\t\t\n\n\t<\/div>\n\n\t<div class=\"wd-col col-register\">\n\n\t\t<h2 class=\"wd-login-title\">Zarejestruj si\u0119<\/h2>\n\n\t\t<form method=\"post\" action=\"https:\/\/new.koszulki.shop.pl\/?page_id=12&#038;action=register\" class=\"woocommerce-form woocommerce-form-register register\"  >\n\n\t\t\t\n\t\t\t\n\t\t\t<p class=\"woocommerce-form-row woocommerce-form-row--wide form-row form-row-wide\">\n\t\t\t\t<label for=\"reg_email\">Adres e-mail&nbsp;<span class=\"required\" aria-hidden=\"true\">*<\/span><span class=\"screen-reader-text\">Wymagane<\/span><\/label>\n\t\t\t\t<input type=\"email\" class=\"woocommerce-Input woocommerce-Input--text input-text\" name=\"email\" id=\"reg_email\" autocomplete=\"email\" value=\"\" \/>\t\t\t<\/p>\n\n\t\t\t\n\t\t\t\t<p>Na adres e-mail zostanie wys\u0142any odno\u015bnik do ustawienia nowego has\u0142a.<\/p>\n\n\t\t\t\n\t\t\t<div style=\"left: -999em; position: absolute;\"><label for=\"trap\">Anti-spam<\/label><input type=\"text\" name=\"email_2\" id=\"trap\" tabindex=\"-1\" \/><\/div>\n\n\t\t\t<wc-order-attribution-inputs><\/wc-order-attribution-inputs><div class=\"woocommerce-privacy-policy-text\"><p>Twoje dane osobowe zostan\u0105 u\u017cyte do obs\u0142ugi twojej wizyty na naszej stronie, zarz\u0105dzania dost\u0119pem do twojego konta i dla innych cel\u00f3w o kt\u00f3rych m\u00f3wi nasza <a href=\"https:\/\/new.koszulki.shop.pl\/?page_id=10509\" class=\"woocommerce-privacy-policy-link\" target=\"_blank\">polityka prywatno\u015bci<\/a>.<\/p>\n<\/div>\n\t\t\t<p class=\"woocommerce-form-row form-row\">\n\t\t\t\t<input type=\"hidden\" id=\"woocommerce-register-nonce\" name=\"woocommerce-register-nonce\" value=\"919026151b\" \/><input type=\"hidden\" name=\"_wp_http_referer\" value=\"\/index.php?rest_route=%2Fwp%2Fv2%2Fpages%2F12\" \/>\t\t\t\t<button type=\"submit\" class=\"woocommerce-Button woocommerce-button button\" name=\"register\" value=\"Zarejestruj si\u0119\">Zarejestruj si\u0119<\/button>\n\t\t\t<\/p>\n\n\t\t\t\n\t\t<\/form>\n\n\t<\/div>\n\n\t\t\t<div class=\"wd-col col-register-text\">\n\n\t\t\t<p class=\"title wd-login-divider \"><span>Or<\/span><\/p>\n\n\t\t\t\n\t\t\t\t\t\t\t<h2 class=\"wd-login-title\">Rejestracja<\/h2>\n\t\t\t\n\t\t\t\n\t\t\t\t\t\t\t<div class=\"registration-info\">Rejestracja na tej stronie umo\u017cliwia dost\u0119p do statusu i historii zam\u00f3wie\u0144. Wystarczy wype\u0142ni\u0107 poni\u017csze pola, a my b\u0142yskawicznie utworzymy nowe konto. Poprosimy Ci\u0119 tylko o informacje niezb\u0119dne do przyspieszenia i u\u0142atwienia procesu zakupu.<\/div>\n\t\t\t\n\t\t\t\n\t\t\t<a href=\"#\" rel=\"nofollow noopener\" class=\"btn wd-switch-to-register\" data-login=\"Logowanie\" data-login-title=\"Logowanie\" data-reg-title=\"Rejestracja\" data-register=\"Zarejestruj si\u0119\">Zarejestruj si\u0119<\/a>\n\n\t\t<\/div>\n\t\n<\/div>\n\n<\/div>\n\n<\/div>\n","protected":false},"excerpt":{"rendered":"","protected":false},"author":1,"featured_media":0,"parent":0,"menu_order":0,"comment_status":"closed","ping_status":"closed","template":"","meta":{"footnotes":""},"class_list":["post-12","page","type-page","status-publish","hentry"],"yoast_head":"<!-- This site is optimized with the Yoast SEO plugin v26.0 - https:\/\/yoast.com\/wordpress\/plugins\/seo\/ -->\n<title>Moje konto - Koszulki z nadrukiem<\/title>\n<meta name=\"robots\" content=\"noindex, follow, max-snippet:-1, max-image-preview:large, max-video-preview:-1\" \/>\n<meta property=\"og:locale\" content=\"pl_PL\" \/>\n<meta property=\"og:type\" content=\"article\" \/>\n<meta property=\"og:title\" content=\"Moje konto - Koszulki z nadrukiem\" \/>\n<meta property=\"og:url\" content=\"https:\/\/new.koszulki.shop.pl\/?page_id=12\" \/>\n<meta property=\"og:site_name\" content=\"Koszulki z nadrukiem\" \/>\n<meta name=\"twitter:card\" content=\"summary_large_image\" \/>\n<script type=\"application\/ld+json\" class=\"yoast-schema-graph\">{\"@context\":\"https:\/\/schema.org\",\"@graph\":[{\"@type\":\"WebPage\",\"@id\":\"https:\/\/new.koszulki.shop.pl\/?page_id=12\",\"url\":\"https:\/\/new.koszulki.shop.pl\/?page_id=12\",\"name\":\"Moje konto - Koszulki z nadrukiem\",\"isPartOf\":{\"@id\":\"https:\/\/new.koszulki.shop.pl\/#website\"},\"datePublished\":\"2024-07-30T09:29:53+00:00\",\"breadcrumb\":{\"@id\":\"https:\/\/new.koszulki.shop.pl\/?page_id=12#breadcrumb\"},\"inLanguage\":\"pl-PL\",\"potentialAction\":[{\"@type\":\"ReadAction\",\"target\":[\"https:\/\/new.koszulki.shop.pl\/?page_id=12\"]}]},{\"@type\":\"BreadcrumbList\",\"@id\":\"https:\/\/new.koszulki.shop.pl\/?page_id=12#breadcrumb\",\"itemListElement\":[{\"@type\":\"ListItem\",\"position\":1,\"name\":\"Strona g\u0142\u00f3wna\",\"item\":\"https:\/\/new.koszulki.shop.pl\/\"},{\"@type\":\"ListItem\",\"position\":2,\"name\":\"Moje konto\"}]},{\"@type\":\"WebSite\",\"@id\":\"https:\/\/new.koszulki.shop.pl\/#website\",\"url\":\"https:\/\/new.koszulki.shop.pl\/\",\"name\":\"Koszulki z nadrukiem\",\"description\":\"\",\"publisher\":{\"@id\":\"https:\/\/new.koszulki.shop.pl\/#organization\"},\"potentialAction\":[{\"@type\":\"SearchAction\",\"target\":{\"@type\":\"EntryPoint\",\"urlTemplate\":\"https:\/\/new.koszulki.shop.pl\/?s={search_term_string}\"},\"query-input\":{\"@type\":\"PropertyValueSpecification\",\"valueRequired\":true,\"valueName\":\"search_term_string\"}}],\"inLanguage\":\"pl-PL\"},{\"@type\":\"Organization\",\"@id\":\"https:\/\/new.koszulki.shop.pl\/#organization\",\"name\":\"Koszulki z nadrukiem\",\"url\":\"https:\/\/new.koszulki.shop.pl\/\",\"logo\":{\"@type\":\"ImageObject\",\"inLanguage\":\"pl-PL\",\"@id\":\"https:\/\/new.koszulki.shop.pl\/#\/schema\/logo\/image\/\",\"url\":\"http:\/\/new.koszulki.shop.pl\/wp-content\/uploads\/2024\/09\/logotyp-koszulki.webp\",\"contentUrl\":\"http:\/\/new.koszulki.shop.pl\/wp-content\/uploads\/2024\/09\/logotyp-koszulki.webp\",\"width\":610,\"height\":475,\"caption\":\"Koszulki z nadrukiem\"},\"image\":{\"@id\":\"https:\/\/new.koszulki.shop.pl\/#\/schema\/logo\/image\/\"}}]}<\/script>\n<!-- \/ Yoast SEO plugin. -->","yoast_head_json":{"title":"Moje konto - Koszulki z nadrukiem","robots":{"index":"noindex","follow":"follow","max-snippet":"max-snippet:-1","max-image-preview":"max-image-preview:large","max-video-preview":"max-video-preview:-1"},"og_locale":"pl_PL","og_type":"article","og_title":"Moje konto - Koszulki z nadrukiem","og_url":"https:\/\/new.koszulki.shop.pl\/?page_id=12","og_site_name":"Koszulki z nadrukiem","twitter_card":"summary_large_image","schema":{"@context":"https:\/\/schema.org","@graph":[{"@type":"WebPage","@id":"https:\/\/new.koszulki.shop.pl\/?page_id=12","url":"https:\/\/new.koszulki.shop.pl\/?page_id=12","name":"Moje konto - Koszulki z nadrukiem","isPartOf":{"@id":"https:\/\/new.koszulki.shop.pl\/#website"},"datePublished":"2024-07-30T09:29:53+00:00","breadcrumb":{"@id":"https:\/\/new.koszulki.shop.pl\/?page_id=12#breadcrumb"},"inLanguage":"pl-PL","potentialAction":[{"@type":"ReadAction","target":["https:\/\/new.koszulki.shop.pl\/?page_id=12"]}]},{"@type":"BreadcrumbList","@id":"https:\/\/new.koszulki.shop.pl\/?page_id=12#breadcrumb","itemListElement":[{"@type":"ListItem","position":1,"name":"Strona g\u0142\u00f3wna","item":"https:\/\/new.koszulki.shop.pl\/"},{"@type":"ListItem","position":2,"name":"Moje konto"}]},{"@type":"WebSite","@id":"https:\/\/new.koszulki.shop.pl\/#website","url":"https:\/\/new.koszulki.shop.pl\/","name":"Koszulki z nadrukiem","description":"","publisher":{"@id":"https:\/\/new.koszulki.shop.pl\/#organization"},"potentialAction":[{"@type":"SearchAction","target":{"@type":"EntryPoint","urlTemplate":"https:\/\/new.koszulki.shop.pl\/?s={search_term_string}"},"query-input":{"@type":"PropertyValueSpecification","valueRequired":true,"valueName":"search_term_string"}}],"inLanguage":"pl-PL"},{"@type":"Organization","@id":"https:\/\/new.koszulki.shop.pl\/#organization","name":"Koszulki z nadrukiem","url":"https:\/\/new.koszulki.shop.pl\/","logo":{"@type":"ImageObject","inLanguage":"pl-PL","@id":"https:\/\/new.koszulki.shop.pl\/#\/schema\/logo\/image\/","url":"http:\/\/new.koszulki.shop.pl\/wp-content\/uploads\/2024\/09\/logotyp-koszulki.webp","contentUrl":"http:\/\/new.koszulki.shop.pl\/wp-content\/uploads\/2024\/09\/logotyp-koszulki.webp","width":610,"height":475,"caption":"Koszulki z nadrukiem"},"image":{"@id":"https:\/\/new.koszulki.shop.pl\/#\/schema\/logo\/image\/"}}]}},"_links":{"self":[{"href":"https:\/\/new.koszulki.shop.pl\/index.php?rest_route=\/wp\/v2\/pages\/12","targetHints":{"allow":["GET"]}}],"collection":[{"href":"https:\/\/new.koszulki.shop.pl\/index.php?rest_route=\/wp\/v2\/pages"}],"about":[{"href":"https:\/\/new.koszulki.shop.pl\/index.php?rest_route=\/wp\/v2\/types\/page"}],"author":[{"embeddable":true,"href":"https:\/\/new.koszulki.shop.pl\/index.php?rest_route=\/wp\/v2\/users\/1"}],"replies":[{"embeddable":true,"href":"https:\/\/new.koszulki.shop.pl\/index.php?rest_route=%2Fwp%2Fv2%2Fcomments&post=12"}],"version-history":[{"count":0,"href":"https:\/\/new.koszulki.shop.pl\/index.php?rest_route=\/wp\/v2\/pages\/12\/revisions"}],"wp:attachment":[{"href":"https:\/\/new.koszulki.shop.pl\/index.php?rest_route=%2Fwp%2Fv2%2Fmedia&parent=12"}],"curies":[{"name":"wp","href":"https:\/\/api.w.org\/{rel}","templated":true}]}}